{"id":6487,"date":"2020-01-16T11:54:35","date_gmt":"2020-01-16T10:54:35","guid":{"rendered":"https:\/\/rustikale-stube-rothenburg.de\/conditions\/"},"modified":"2025-09-30T15:21:54","modified_gmt":"2025-09-30T13:21:54","slug":"agb-2","status":"publish","type":"page","link":"https:\/\/rustikale-stube-rothenburg.de\/en\/agb-2\/","title":{"rendered":"Conditions"},"content":{"rendered":"&#13;\n<p><strong>General terms and conditions for a webshop<\/strong><\/p>&#13;\n&#13;\n<ol class=\"wp-block-list\" type=\"1\">&#13;\n<li><strong>scope<\/strong><\/li>&#13;\n<li><strong>Contractual partner<\/strong><\/li>&#13;\n<li><strong>Conclusion of contract<\/strong><\/li>&#13;\n<li><strong>Right of withdrawal<\/strong><\/li>&#13;\n<li><strong>Prices and shipping costs<\/strong><\/li>&#13;\n<li><strong>delivery<\/strong><\/li>&#13;\n<li><strong>payment<\/strong><\/li>&#13;\n<li><strong>Retention of title<\/strong><\/li>&#13;\n<li><strong>Dispute resolution<\/strong><\/li>&#13;\n<\/ol>&#13;\n&#13;\n<p><strong>Terms of Service<\/strong><\/p>&#13;\n&#13;\n<ol class=\"wp-block-list\" type=\"1\">&#13;\n<li><strong>Scope of application<br\/><\/strong>These General Terms and Conditions (GTC) apply to all deliveries by Art 21 GmbH (hereinafter referred to as Art 21) to consumers.<br\/>A consumer is any natural person who concludes a legal transaction for a purpose that can predominantly be attributed neither to their commercial nor their independent professional activity.<\/li>&#13;\n<li><strong>Contractual partner<br\/><\/strong>The purchase contract is concluded with Art 21 GmbH Managing Director Artur Pinecker,<\/li>&#13;\n<\/ol>&#13;\n&#13;\n<p>Obere Schmiedgasse 6, 91541 Rothenburg odT, Commercial Register: Ansbach District Court, HR B 7090.<\/p>&#13;\n&#13;\n<ul class=\"wp-block-list\">&#13;\n<li><strong>Conclusion of contract<\/strong>\n\n\n<ul>&#13;\n<li>The presentation of the products in the online shop does not represent a legally binding offer, but only an invitation to order.<\/li>&#13;\n<\/ul><\/li>&#13;\n<li><strong>Right of withdrawal<\/strong>\n\n\n\n<ul>&#13;\n<li>If you are a consumer (i.e. a natural person who places the order for a purpose that cannot be attributed to your commercial or independent professional activity), you have a right of withdrawal in accordance with the statutory provisions.<\/li>&#13;\n<\/ul><\/li>&#13;\n<li><strong>Prices and shipping costs<\/strong>\n\n\n\n<ul>&#13;\n<li>The prices stated on the product pages include the statutory value added tax and other price components.<\/li>&#13;\n<\/ul><\/li>&#13;\n<li><strong>delivery<\/strong>\n\n\n<ul>&#13;\n<li>The delivery takes place only within Germany with DHL.<\/li>&#13;\n<\/ul><\/li>&#13;\n<li><strong>payment<\/strong>\n\n\n<ul>&#13;\n<li>Payment can be made either in advance or cash on delivery.<\/li>&#13;\n<\/ul><\/li>&#13;\n<li><strong>Retention of title<br\/><\/strong>The goods remain our property until payment has been made in full.<\/li>&#13;\n<li><strong>Dispute resolution<br\/><\/strong>The EU Commission has created an internet platform for online dispute resolution. The platform serves as a point of contact for the out-of-court settlement of disputes regarding contractual obligations arising from online sales contracts. More information is available at the following link: <a href=\"http:\/\/ec.europa.eu\/consumers\/odr\" rel=\"nofollow noopener\" target=\"_blank\">http:\/\/ec.europa.eu\/consumers\/odr<\/a> . We are willing or obliged to participate in a dispute resolution procedure before a consumer arbitration board to settle disputes with consumers. The responsible consumer arbitration board is: Universal arbitration board of the Federal Center for Arbitration eV, Stra\u00dfburger Stra\u00dfe 8, 77694 Kehl am Rhein, www.verb\u00fcbers-schlichter.de. To resolve the disputes mentioned, we will participate in a dispute settlement procedure before this point.<\/li>&#13;\n<\/ul>&#13;\n&#13;\n<p><em>Source: Online trade, guide through the legal framework of e-commerce taking into account the new consumer law, by lawyer Dr. Carsten F\u00f6hlisch \/ Trusted Shops GmbH and lawyer Dr. Christian Gro\u00df \/ DIHK German Chamber of Commerce and Industry, DIHK Verlag, 2nd edition 2018 ( <a href=\"http:\/\/www.dihk-verlag.de\" rel=\"nofollow noopener\" target=\"_blank\">www.dihk-verlag.de<\/a> )<\/em><\/p>&#13;\n<p><em><\/em><\/p>&#13;\n<p><em>Note: The sample is published with the kind permission of the authors.<\/em><\/p>&#13;\n","protected":false},"excerpt":{"rendered":"<p>&#13; General terms and conditions for a webshop &#13; &#13; &#13; scope &#13; Contractual partner &#13; Conclusion of contract &#13; Right of withdrawal &#13; Prices and shipping costs &#13; delivery &#13; payment &#13; Retention of title &#13; Dispute resolution &#13; &#13; &#13; Terms of Service &#13; &#13; &#13; Scope of applicationThese General Terms and Conditions [&hellip;]<\/p>\n","protected":false},"author":27,"featured_media":0,"parent":0,"menu_order":0,"comment_status":"closed","ping_status":"closed","template":"","meta":{"site-sidebar-layout":"default","site-content-layout":"default","ast-site-content-layout":"default","site-content-style":"default","site-sidebar-style":"default","ast-global-header-display":"","ast-banner-title-visibility":"","ast-main-header-display":"","ast-hfb-above-header-display":"","ast-hfb-below-header-display":"","ast-hfb-mobile-header-display":"","site-post-title":"","ast-breadcrumbs-content":"","ast-featured-img":"","footer-sml-layout":"","ast-disable-related-posts":"","theme-transparent-header-meta":"default","adv-header-id-meta":"","stick-header-meta":"","header-above-stick-meta":"","header-main-stick-meta":"","header-below-stick-meta":"","astra-migrate-meta-layouts":"set","ast-page-background-enabled":"default","ast-page-background-meta":{"desktop":{"background-color":"","background-image":"","background-repeat":"repeat","background-position":"center center","background-size":"auto","background-attachment":"scroll","background-type":"","background-media":"","overlay-type":"","overlay-color":"","overlay-opacity":"","overlay-gradient":""},"tablet":{"background-color":"","background-image":"","background-repeat":"repeat","background-position":"center center","background-size":"auto","background-attachment":"scroll","background-type":"","background-media":"","overlay-type":"","overlay-color":"","overlay-opacity":"","overlay-gradient":""},"mobile":{"background-color":"","background-image":"","background-repeat":"repeat","background-position":"center center","background-size":"auto","background-attachment":"scroll","background-type":"","background-media":"","overlay-type":"","overlay-color":"","overlay-opacity":"","overlay-gradient":""}},"ast-content-background-meta":{"desktop":{"background-color":"var(--ast-global-color-5)","background-image":"","background-repeat":"repeat","background-position":"center center","background-size":"auto","background-attachment":"scroll","background-type":"","background-media":"","overlay-type":"","overlay-color":"","overlay-opacity":"","overlay-gradient":""},"tablet":{"background-color":"var(--ast-global-color-5)","background-image":"","background-repeat":"repeat","background-position":"center center","background-size":"auto","background-attachment":"scroll","background-type":"","background-media":"","overlay-type":"","overlay-color":"","overlay-opacity":"","overlay-gradient":""},"mobile":{"background-color":"var(--ast-global-color-5)","background-image":"","background-repeat":"repeat","background-position":"center center","background-size":"auto","background-attachment":"scroll","background-type":"","background-media":"","overlay-type":"","overlay-color":"","overlay-opacity":"","overlay-gradient":""}},"footnotes":""},"class_list":["post-6487","page","type-page","status-publish","hentry"],"_links":{"self":[{"href":"https:\/\/rustikale-stube-rothenburg.de\/en\/wp-json\/wp\/v2\/pages\/6487","targetHints":{"allow":["GET"]}}],"collection":[{"href":"https:\/\/rustikale-stube-rothenburg.de\/en\/wp-json\/wp\/v2\/pages"}],"about":[{"href":"https:\/\/rustikale-stube-rothenburg.de\/en\/wp-json\/wp\/v2\/types\/page"}],"author":[{"embeddable":true,"href":"https:\/\/rustikale-stube-rothenburg.de\/en\/wp-json\/wp\/v2\/users\/27"}],"replies":[{"embeddable":true,"href":"https:\/\/rustikale-stube-rothenburg.de\/en\/wp-json\/wp\/v2\/comments?post=6487"}],"version-history":[{"count":7,"href":"https:\/\/rustikale-stube-rothenburg.de\/en\/wp-json\/wp\/v2\/pages\/6487\/revisions"}],"predecessor-version":[{"id":7179,"href":"https:\/\/rustikale-stube-rothenburg.de\/en\/wp-json\/wp\/v2\/pages\/6487\/revisions\/7179"}],"wp:attachment":[{"href":"https:\/\/rustikale-stube-rothenburg.de\/en\/wp-json\/wp\/v2\/media?parent=6487"}],"curies":[{"name":"wp","href":"https:\/\/api.w.org\/{rel}","templated":true}]}}